{"id":7,"date":"2023-11-09T16:24:25","date_gmt":"2023-11-09T15:24:25","guid":{"rendered":"http:\/\/chateaudesechelles.com\/?page_id=7"},"modified":"2025-12-06T12:03:50","modified_gmt":"2025-12-06T11:03:50","slug":"inscription","status":"publish","type":"page","link":"https:\/\/chateaudesechelles.com\/index.php\/inscription\/","title":{"rendered":"Comment s&#8217;inscrire ?"},"content":{"rendered":"\n<h5 class=\"wp-block-heading\">\u00c9tape 1<\/h5>\n\n\n\n<p>Prendre connaissance du calendrier des <a href=\"http:\/\/chateaudesechelles.com\/wp-content\/uploads\/2025\/06\/Cadendrier-inscription-2025-2026.pdf\" data-type=\"link\" data-id=\"https:\/\/chateaudesechelles.com\/wp-content\/uploads\/2023\/11\/Calendrier-inscription.xlsx-Calendrier-2023-2024.pdf\" target=\"_blank\" rel=\"noreferrer noopener\">pr\u00e9inscriptions et inscriptions 2025-2026<\/a><\/p>\n\n\n\n<h5 class=\"wp-block-heading\">\u00c9tape 2<\/h5>\n\n\n\n<p>Effectuer sa pr\u00e9inscription en ligne via les formulaires framaform disponibles sur notre page d&#8217;accueil<\/p>\n\n\n\n<p>\/!\\ Si vous n&#8217;avez pas fait de pr\u00e9-inscription : envoyer un mail \u00e0 inscription@chateaudesechelles.com avec les dates auxquelles vous souhaitez inscrire vos enfants. <\/p>\n\n\n\n<h5 class=\"wp-block-heading\">\u00c9tape 3<\/h5>\n\n\n\n<p>Une r\u00e9ponse (positive ou n\u00e9gative) vous est donn\u00e9e par e-mail (<mark style=\"background-color:rgba(0, 0, 0, 0)\" class=\"has-inline-color has-luminous-vivid-orange-color\">regardez attentivement vos spams<\/mark>)<\/p>\n\n\n\n<h5 class=\"wp-block-heading\">\u00c9tape 4<\/h5>\n\n\n\n<p>En cas de r\u00e9ponse positive rendez-vous \u00e0 une des permanences d&#8217;inscriptions qui se tiendra dans nos locaux, munis des documents qui vous seront demand\u00e9s dans le mail de confirmation<\/p>\n\n\n\n<figure class=\"wp-block-image size-large\"><a href=\"http:\/\/chateaudesechelles.com\/wp-content\/uploads\/2025\/06\/Cadendrier-inscription-2025-2026.pdf\" target=\"_blank\" rel=\" noreferrer noopener\"><img loading=\"lazy\" decoding=\"async\" width=\"1024\" height=\"470\" src=\"http:\/\/chateaudesechelles.com\/wp-content\/uploads\/2025\/06\/Cadendrier-inscription-2025-2026-1024x470.jpg\" alt=\"\" class=\"wp-image-556\" srcset=\"https:\/\/chateaudesechelles.com\/wp-content\/uploads\/2025\/06\/Cadendrier-inscription-2025-2026-1024x470.jpg 1024w, https:\/\/chateaudesechelles.com\/wp-content\/uploads\/2025\/06\/Cadendrier-inscription-2025-2026-300x138.jpg 300w, https:\/\/chateaudesechelles.com\/wp-content\/uploads\/2025\/06\/Cadendrier-inscription-2025-2026-768x353.jpg 768w, https:\/\/chateaudesechelles.com\/wp-content\/uploads\/2025\/06\/Cadendrier-inscription-2025-2026-1536x705.jpg 1536w, https:\/\/chateaudesechelles.com\/wp-content\/uploads\/2025\/06\/Cadendrier-inscription-2025-2026-2048x940.jpg 2048w, https:\/\/chateaudesechelles.com\/wp-content\/uploads\/2025\/06\/Cadendrier-inscription-2025-2026-1920x881.jpg 1920w\" sizes=\"auto, (max-width: 1024px) 100vw, 1024px\" \/><\/a><\/figure>\n\n\n\n<div class=\"wp-block-buttons is-layout-flex wp-block-buttons-is-layout-flex\">\n<div class=\"wp-block-button\"><a class=\"wp-block-button__link wp-element-button\" href=\"http:\/\/chateaudesechelles.com\/wp-content\/uploads\/2025\/06\/Cadendrier-inscription-2025-2026.pdf\" target=\"_blank\" rel=\"noreferrer noopener\">T\u00e9l\u00e9charger le calendrier<\/a><\/div>\n\n\n\n<div class=\"wp-block-button\"><a class=\"wp-block-button__link wp-element-button\" href=\"https:\/\/chateaudesechelles.com\/wp-content\/uploads\/2025\/06\/Inscription-Centre-de-Loisirs-2025-2026.ics\" target=\"_blank\" rel=\"noreferrer noopener\">Ajouter facilement des rappels dans votre agenda<\/a><\/div>\n<\/div>\n\n\n\n<p><\/p>\n\n\n\n<h2 class=\"wp-block-heading\">Tarifs et conditions de payement <\/h2>\n\n\n\n<figure class=\"wp-block-image size-large\"><img loading=\"lazy\" decoding=\"async\" width=\"1024\" height=\"724\" src=\"https:\/\/chateaudesechelles.com\/wp-content\/uploads\/2024\/12\/Tarifs-2025-1-1024x724.jpg\" alt=\"\" class=\"wp-image-412\" srcset=\"https:\/\/chateaudesechelles.com\/wp-content\/uploads\/2024\/12\/Tarifs-2025-1-1024x724.jpg 1024w, https:\/\/chateaudesechelles.com\/wp-content\/uploads\/2024\/12\/Tarifs-2025-1-300x212.jpg 300w, https:\/\/chateaudesechelles.com\/wp-content\/uploads\/2024\/12\/Tarifs-2025-1-768x543.jpg 768w, https:\/\/chateaudesechelles.com\/wp-content\/uploads\/2024\/12\/Tarifs-2025-1-1536x1086.jpg 1536w, https:\/\/chateaudesechelles.com\/wp-content\/uploads\/2024\/12\/Tarifs-2025-1-2048x1447.jpg 2048w, https:\/\/chateaudesechelles.com\/wp-content\/uploads\/2024\/12\/Tarifs-2025-1-1528x1080.jpg 1528w\" sizes=\"auto, (max-width: 1024px) 100vw, 1024px\" \/><\/figure>\n\n\n\n<figure class=\"wp-block-image size-large is-resized\"><img loading=\"lazy\" decoding=\"async\" width=\"1024\" height=\"683\" src=\"https:\/\/chateaudesechelles.com\/wp-content\/uploads\/2025\/12\/ChatGPT-Image-6-dec.-2025-12_03_31-1024x683.png\" alt=\"\" class=\"wp-image-597\" style=\"aspect-ratio:1.499330655957162;width:562px;height:auto\" srcset=\"https:\/\/chateaudesechelles.com\/wp-content\/uploads\/2025\/12\/ChatGPT-Image-6-dec.-2025-12_03_31-1024x683.png 1024w, https:\/\/chateaudesechelles.com\/wp-content\/uploads\/2025\/12\/ChatGPT-Image-6-dec.-2025-12_03_31-300x200.png 300w, https:\/\/chateaudesechelles.com\/wp-content\/uploads\/2025\/12\/ChatGPT-Image-6-dec.-2025-12_03_31-768x512.png 768w, https:\/\/chateaudesechelles.com\/wp-content\/uploads\/2025\/12\/ChatGPT-Image-6-dec.-2025-12_03_31.png 1536w\" sizes=\"auto, (max-width: 1024px) 100vw, 1024px\" \/><\/figure>\n\n\n\n<p>Nous proposons toujours deux \u00e0 trois dates d&#8217;encaissement pour les ch\u00e8ques. Cela vous permet de choisir une date d&#8217;encaissement diff\u00e9r\u00e9e ou de r\u00e9gler votre facture en plusieurs fois. <br>Les payements ont toujours lieu \u00e0 l&#8217;inscription (lors d&#8217;une permanence). Une facture vous sera adress\u00e9e par mail suite \u00e0 la p\u00e9riode d&#8217;accueil des enfants.<\/p>\n\n\n\n<div class=\"wp-block-buttons is-layout-flex wp-block-buttons-is-layout-flex\">\n<div class=\"wp-block-button\"><a class=\"wp-block-button__link wp-element-button\" href=\"http:\/\/chateaudesechelles.com\/wp-content\/uploads\/2024\/12\/Reglement-interieur-2025.pdf\" target=\"_blank\" rel=\"noreferrer noopener\">R\u00e8glement int\u00e9rieur du Centre de Loisirs <br>(Conditions d&#8217;annulations)<\/a><\/div>\n<\/div>\n\n\n\n<p class=\"has-white-color has-text-color has-link-color wp-elements-32d47745d546c6429dfe423f243e49d1\">FAQ : questions que les parents peuvent \u00eatre amen\u00e9s \u00e0 se poser<br><\/p>\n\n\n\n<p><\/p>\n","protected":false},"excerpt":{"rendered":"<p>\u00c9tape 1 Prendre connaissance du calendrier des pr\u00e9inscriptions et inscriptions 2025-2026 \u00c9tape 2 Effectuer sa pr\u00e9inscription en ligne via les formulaires framaform disponibles sur notre page d&#8217;accueil \/!\\ Si vous n&#8217;avez pas fait de pr\u00e9-inscription : envoyer un mail \u00e0 inscription@chateaudesechelles.com avec les dates auxquelles vous souhaitez inscrire vos enfants. \u00c9tape 3 Une r\u00e9ponse (positive&hellip; <br \/> <a class=\"button small blue\" href=\"https:\/\/chateaudesechelles.com\/index.php\/inscription\/\">Read more<\/a><\/p>\n","protected":false},"author":1,"featured_media":0,"parent":0,"menu_order":0,"comment_status":"closed","ping_status":"closed","template":"","meta":{"footnotes":""},"class_list":["post-7","page","type-page","status-publish","hentry"],"_links":{"self":[{"href":"https:\/\/chateaudesechelles.com\/index.php\/wp-json\/wp\/v2\/pages\/7","targetHints":{"allow":["GET"]}}],"collection":[{"href":"https:\/\/chateaudesechelles.com\/index.php\/wp-json\/wp\/v2\/pages"}],"about":[{"href":"https:\/\/chateaudesechelles.com\/index.php\/wp-json\/wp\/v2\/types\/page"}],"author":[{"embeddable":true,"href":"https:\/\/chateaudesechelles.com\/index.php\/wp-json\/wp\/v2\/users\/1"}],"replies":[{"embeddable":true,"href":"https:\/\/chateaudesechelles.com\/index.php\/wp-json\/wp\/v2\/comments?post=7"}],"version-history":[{"count":37,"href":"https:\/\/chateaudesechelles.com\/index.php\/wp-json\/wp\/v2\/pages\/7\/revisions"}],"predecessor-version":[{"id":598,"href":"https:\/\/chateaudesechelles.com\/index.php\/wp-json\/wp\/v2\/pages\/7\/revisions\/598"}],"wp:attachment":[{"href":"https:\/\/chateaudesechelles.com\/index.php\/wp-json\/wp\/v2\/media?parent=7"}],"curies":[{"name":"wp","href":"https:\/\/api.w.org\/{rel}","templated":true}]}}