{"id":62,"date":"2023-11-13T12:50:55","date_gmt":"2023-11-13T11:50:55","guid":{"rendered":"https:\/\/chateaudesechelles.com\/?page_id=62"},"modified":"2024-12-07T10:31:38","modified_gmt":"2024-12-07T09:31:38","slug":"nos-ambitions-educatives","status":"publish","type":"page","link":"https:\/\/chateaudesechelles.com\/index.php\/nos-ambitions-educatives\/","title":{"rendered":"Nos ambitions \u00e9ducatives"},"content":{"rendered":"\n<p><\/p>\n\n\n\n<p><strong>L\u2019association du Centre de Loisirs du Ch\u00e2teau des \u00c9chelles a la volont\u00e9 de favoriser :<\/strong><\/p>\n\n\n\n<ul class=\"wp-block-list\">\n<li>La compl\u00e9mentarit\u00e9 de l\u2019\u00e9cole par un apprentissage de l\u2019autonomie, de la vie collective et d\u00e9mocratique, l\u2019\u00e9panouissement de chaque enfant en favorisant un d\u00e9veloppement harmonieux de sa personne (d\u00e9veloppement psychologique, psychomoteur, affectif et intellectuel).<\/li>\n\n\n\n<li>L\u2019accession, d\u00e8s l\u2019enfance, de la personne \u00e0 son autonomie, c\u2019est-\u00e0-dire \u00e0 la capacit\u00e9 de d\u00e9terminer par soi-m\u00eame ses actes et ses comportements et de les mettre soi-m\u00eame en \u0153uvre, en toute responsabilit\u00e9, en tenant compte des contraintes de l\u2019environnement.<\/li>\n\n\n\n<li>La formation, d\u00e8s l\u2019enfance, du citoyen, personne sociale ; l\u2019apprentissage de la responsabilit\u00e9, la pratique de la solidarit\u00e9, l\u2019entra\u00eenement \u00e0 la vie d\u00e9mocratique, la compr\u00e9hension et le respect des autres.<\/li>\n\n\n\n<li>L\u2019acc\u00e8s au loisirs pour tous. \u00c0 ce titre, l\u2019association a souhait\u00e9 que le centre de loisirs soit labellis\u00e9 \u00abLoisirs \u00c9quitable\u00bb aupr\u00e8s de la CAF d\u00e9but 2019. Cette aide varie en fonction des QF des familles.<\/li>\n<\/ul>\n\n\n\n<p>Les intentions \u00e9ducatives de l&#8217;association se transcrivent \u00e0 travers un projet p\u00e9dagogique co-construit entre l&#8217;\u00e9quipe d&#8217;animation et l&#8217;\u00e9quipe de direction. Vous pouvez consulter ce projet p\u00e9dagogique en cliquant sur le lien ci-dessous. <\/p>\n\n\n\n<div class=\"wp-block-buttons is-layout-flex wp-block-buttons-is-layout-flex\">\n<div class=\"wp-block-button\"><a class=\"wp-block-button__link wp-element-button\" href=\"http:\/\/chateaudesechelles.com\/wp-content\/uploads\/2023\/12\/Projet-Educatif-et-peda-ETE-2022.pdf\" target=\"_blank\" rel=\"noreferrer noopener\">Projet p\u00e9dagogique 2023 &#8211; 2024<\/a><\/div>\n\n\n\n<div class=\"wp-block-button\"><a class=\"wp-block-button__link wp-element-button\" href=\"http:\/\/chateaudesechelles.com\/wp-content\/uploads\/2024\/12\/Reglement-interieur-2025.pdf\" target=\"_blank\" rel=\"noreferrer noopener\">R\u00e8glement int\u00e9rieur du Centre de Loisirs<\/a><\/div>\n<\/div>\n\n\n\n<figure class=\"wp-block-gallery has-nested-images columns-default is-cropped wp-block-gallery-1 is-layout-flex wp-block-gallery-is-layout-flex\">\n<figure class=\"wp-block-image size-large\"><img loading=\"lazy\" decoding=\"async\" width=\"1024\" height=\"724\" data-id=\"154\" src=\"https:\/\/chateaudesechelles.com\/wp-content\/uploads\/2023\/12\/Cartes-des-valeurs-1-1024x724.png\" alt=\"\" class=\"wp-image-154\" srcset=\"https:\/\/chateaudesechelles.com\/wp-content\/uploads\/2023\/12\/Cartes-des-valeurs-1-1024x724.png 1024w, https:\/\/chateaudesechelles.com\/wp-content\/uploads\/2023\/12\/Cartes-des-valeurs-1-300x212.png 300w, https:\/\/chateaudesechelles.com\/wp-content\/uploads\/2023\/12\/Cartes-des-valeurs-1-768x543.png 768w, https:\/\/chateaudesechelles.com\/wp-content\/uploads\/2023\/12\/Cartes-des-valeurs-1-1536x1086.png 1536w, https:\/\/chateaudesechelles.com\/wp-content\/uploads\/2023\/12\/Cartes-des-valeurs-1-2048x1448.png 2048w, https:\/\/chateaudesechelles.com\/wp-content\/uploads\/2023\/12\/Cartes-des-valeurs-1-1527x1080.png 1527w\" sizes=\"auto, (max-width: 1024px) 100vw, 1024px\" \/><\/figure>\n<\/figure>\n\n\n\n<hr class=\"wp-block-separator has-alpha-channel-opacity\"\/>\n\n\n\n<p><strong>Nos partenaires associatifs principaux <\/strong><\/p>\n\n\n\n<div class=\"wp-block-columns is-layout-flex wp-container-core-columns-is-layout-9d6595d7 wp-block-columns-is-layout-flex\">\n<div class=\"wp-block-column is-layout-flow wp-block-column-is-layout-flow\">\n<figure class=\"wp-block-image size-full\"><img loading=\"lazy\" decoding=\"async\" width=\"180\" height=\"180\" src=\"https:\/\/chateaudesechelles.com\/wp-content\/uploads\/2023\/12\/images-3.jpeg\" alt=\"\" class=\"wp-image-188\" srcset=\"https:\/\/chateaudesechelles.com\/wp-content\/uploads\/2023\/12\/images-3.jpeg 180w, https:\/\/chateaudesechelles.com\/wp-content\/uploads\/2023\/12\/images-3-150x150.jpeg 150w\" sizes=\"auto, (max-width: 180px) 100vw, 180px\" \/><\/figure>\n<\/div>\n\n\n\n<div class=\"wp-block-column is-layout-flow wp-block-column-is-layout-flow\">\n<figure class=\"wp-block-image size-full\"><img loading=\"lazy\" decoding=\"async\" width=\"125\" height=\"94\" src=\"https:\/\/chateaudesechelles.com\/wp-content\/uploads\/2023\/12\/LOGO_MJC_2010-4.png\" alt=\"\" class=\"wp-image-189\"\/><\/figure>\n<\/div>\n\n\n\n<div class=\"wp-block-column is-layout-flow wp-block-column-is-layout-flow\">\n<figure class=\"wp-block-image size-large\"><img loading=\"lazy\" decoding=\"async\" width=\"1024\" height=\"1024\" src=\"https:\/\/chateaudesechelles.com\/wp-content\/uploads\/2023\/12\/309202504_426726956271012_3061664468465884430_n-3-1024x1024.jpeg\" alt=\"\" class=\"wp-image-190\" srcset=\"https:\/\/chateaudesechelles.com\/wp-content\/uploads\/2023\/12\/309202504_426726956271012_3061664468465884430_n-3-1024x1024.jpeg 1024w, https:\/\/chateaudesechelles.com\/wp-content\/uploads\/2023\/12\/309202504_426726956271012_3061664468465884430_n-3-300x300.jpeg 300w, https:\/\/chateaudesechelles.com\/wp-content\/uploads\/2023\/12\/309202504_426726956271012_3061664468465884430_n-3-150x150.jpeg 150w, https:\/\/chateaudesechelles.com\/wp-content\/uploads\/2023\/12\/309202504_426726956271012_3061664468465884430_n-3-768x768.jpeg 768w, https:\/\/chateaudesechelles.com\/wp-content\/uploads\/2023\/12\/309202504_426726956271012_3061664468465884430_n-3-1080x1080.jpeg 1080w, https:\/\/chateaudesechelles.com\/wp-content\/uploads\/2023\/12\/309202504_426726956271012_3061664468465884430_n-3.jpeg 1145w\" sizes=\"auto, (max-width: 1024px) 100vw, 1024px\" \/><\/figure>\n<\/div>\n<\/div>\n\n\n\n<p><strong>Nos partenaires financiers et institutionnels <\/strong><\/p>\n\n\n\n<div class=\"wp-block-columns is-layout-flex wp-container-core-columns-is-layout-9d6595d7 wp-block-columns-is-layout-flex\">\n<div class=\"wp-block-column is-layout-flow wp-block-column-is-layout-flow\">\n<figure class=\"wp-block-image size-full\"><img loading=\"lazy\" decoding=\"async\" width=\"970\" height=\"706\" src=\"https:\/\/chateaudesechelles.com\/wp-content\/uploads\/2023\/12\/Capture-decran-2023-12-16-a-13.02.31-1.png\" alt=\"\" class=\"wp-image-192\" srcset=\"https:\/\/chateaudesechelles.com\/wp-content\/uploads\/2023\/12\/Capture-decran-2023-12-16-a-13.02.31-1.png 970w, https:\/\/chateaudesechelles.com\/wp-content\/uploads\/2023\/12\/Capture-decran-2023-12-16-a-13.02.31-1-300x218.png 300w, https:\/\/chateaudesechelles.com\/wp-content\/uploads\/2023\/12\/Capture-decran-2023-12-16-a-13.02.31-1-768x559.png 768w\" sizes=\"auto, (max-width: 970px) 100vw, 970px\" \/><\/figure>\n<\/div>\n\n\n\n<div class=\"wp-block-column is-layout-flow wp-block-column-is-layout-flow\">\n<figure class=\"wp-block-image size-full\"><img loading=\"lazy\" decoding=\"async\" width=\"200\" height=\"294\" src=\"https:\/\/chateaudesechelles.com\/wp-content\/uploads\/2023\/12\/logoCAF-HD-3.png\" alt=\"\" class=\"wp-image-193\"\/><\/figure>\n<\/div>\n\n\n\n<div class=\"wp-block-column is-layout-flow wp-block-column-is-layout-flow\">\n<figure class=\"wp-block-image size-large\"><img loading=\"lazy\" decoding=\"async\" width=\"993\" height=\"1024\" src=\"https:\/\/chateaudesechelles.com\/wp-content\/uploads\/2023\/12\/Ministere-Education-Nationale-Jeunesse-Sports.svg_-1-993x1024.png\" alt=\"\" class=\"wp-image-194\" srcset=\"https:\/\/chateaudesechelles.com\/wp-content\/uploads\/2023\/12\/Ministere-Education-Nationale-Jeunesse-Sports.svg_-1-993x1024.png 993w, https:\/\/chateaudesechelles.com\/wp-content\/uploads\/2023\/12\/Ministere-Education-Nationale-Jeunesse-Sports.svg_-1-291x300.png 291w, https:\/\/chateaudesechelles.com\/wp-content\/uploads\/2023\/12\/Ministere-Education-Nationale-Jeunesse-Sports.svg_-1-768x792.png 768w, https:\/\/chateaudesechelles.com\/wp-content\/uploads\/2023\/12\/Ministere-Education-Nationale-Jeunesse-Sports.svg_-1-1024x1056.png 1024w, https:\/\/chateaudesechelles.com\/wp-content\/uploads\/2023\/12\/Ministere-Education-Nationale-Jeunesse-Sports.svg_-1-1048x1080.png 1048w, https:\/\/chateaudesechelles.com\/wp-content\/uploads\/2023\/12\/Ministere-Education-Nationale-Jeunesse-Sports.svg_-1.png 1200w\" sizes=\"auto, (max-width: 993px) 100vw, 993px\" \/><\/figure>\n<\/div>\n<\/div>\n","protected":false},"excerpt":{"rendered":"<p>L\u2019association du Centre de Loisirs du Ch\u00e2teau des \u00c9chelles a la volont\u00e9 de favoriser : Les intentions \u00e9ducatives de l&#8217;association se transcrivent \u00e0 travers un projet p\u00e9dagogique co-construit entre l&#8217;\u00e9quipe d&#8217;animation et l&#8217;\u00e9quipe de direction. Vous pouvez consulter ce projet p\u00e9dagogique en cliquant sur le lien ci-dessous. Nos partenaires associatifs principaux Nos partenaires financiers et&hellip; <br \/> <a class=\"button small blue\" href=\"https:\/\/chateaudesechelles.com\/index.php\/nos-ambitions-educatives\/\">Read more<\/a><\/p>\n","protected":false},"author":4,"featured_media":0,"parent":0,"menu_order":0,"comment_status":"closed","ping_status":"closed","template":"","meta":{"footnotes":""},"class_list":["post-62","page","type-page","status-publish","hentry"],"_links":{"self":[{"href":"https:\/\/chateaudesechelles.com\/index.php\/wp-json\/wp\/v2\/pages\/62","targetHints":{"allow":["GET"]}}],"collection":[{"href":"https:\/\/chateaudesechelles.com\/index.php\/wp-json\/wp\/v2\/pages"}],"about":[{"href":"https:\/\/chateaudesechelles.com\/index.php\/wp-json\/wp\/v2\/types\/page"}],"author":[{"embeddable":true,"href":"https:\/\/chateaudesechelles.com\/index.php\/wp-json\/wp\/v2\/users\/4"}],"replies":[{"embeddable":true,"href":"https:\/\/chateaudesechelles.com\/index.php\/wp-json\/wp\/v2\/comments?post=62"}],"version-history":[{"count":19,"href":"https:\/\/chateaudesechelles.com\/index.php\/wp-json\/wp\/v2\/pages\/62\/revisions"}],"predecessor-version":[{"id":418,"href":"https:\/\/chateaudesechelles.com\/index.php\/wp-json\/wp\/v2\/pages\/62\/revisions\/418"}],"wp:attachment":[{"href":"https:\/\/chateaudesechelles.com\/index.php\/wp-json\/wp\/v2\/media?parent=62"}],"curies":[{"name":"wp","href":"https:\/\/api.w.org\/{rel}","templated":true}]}}