{"id":5,"date":"2023-11-09T16:15:43","date_gmt":"2023-11-09T15:15:43","guid":{"rendered":"http:\/\/chateaudesechelles.com\/index.php\/one-page-express\/"},"modified":"2026-03-28T15:52:48","modified_gmt":"2026-03-28T14:52:48","slug":"one-page-express","status":"publish","type":"page","link":"https:\/\/chateaudesechelles.com\/","title":{"rendered":"Front Page"},"content":{"rendered":"<div  data-label=\"Overlapable\" data-id=\"stripped-coloured-icon-boxes\" data-category=\"overlapable\" class=\"features-coloured-icon-boxes-section stripped-coloured-icon-boxes\" data-overlap=\"true\" id=\"overlapable-2\" style=\"background-color: rgb(255, 255, 255);\"> <div  class=\"gridContainer\"> <div  class=\"features-coloured-icon-boxes-innerrow flexbox-list dark-text\" data-type=\"row\"> <div  class=\"features-coloured-icon-boxes-featurecol cp3cols\"> <div  class=\"features-coloured-icon-boxes-iconcontainer\" data-content-item-container=\"true\"> <i  data-cp-fa=\"true\" class=\"features-coloured-icon fa fa-pencil-square-o\"><\/i> <\/div>   <a  class=\"features-coloured-button\" href=\"https:\/\/chateaudesechelles.com\/index.php\/inscription\" target=\"_self\" rel=\"noopener\">Comment s\u2019inscrire ?  <\/a> <\/div> <div  class=\"features-coloured-icon-boxes-featurecol cp3cols\"> <div  class=\"features-coloured-icon-boxes-iconcontainer\" data-content-item-container=\"true\"> <i  data-cp-fa=\"true\" class=\"features-coloured-icon fa fa-suitcase\"><\/i> <\/div>   <a  class=\"features-coloured-button\" href=\"https:\/\/chateaudesechelles.com\/index.php\/preparer-sa-journee\" target=\"_self\" rel=\"noopener\">Pr\u00e9parer sa journ\u00e9e <\/a> <\/div> <div  class=\"features-coloured-icon-boxes-featurecol cp3cols\"> <div  class=\"features-coloured-icon-boxes-iconcontainer\" data-content-item-container=\"true\"> <i  data-cp-fa=\"true\" class=\"features-coloured-icon fa fa-child\"><\/i> <\/div>   <a  class=\"features-coloured-button\" href=\"https:\/\/chateaudesechelles.com\/index.php\/nos-ambitions-educatives\" target=\"_self\" rel=\"noopener\">Nos ambitions \u00e9ducatives<\/a> <\/div> <div  class=\"features-coloured-icon-boxes-featurecol cp3cols\"> <div  class=\"features-coloured-icon-boxes-iconcontainer\" data-content-item-container=\"true\"> <i  data-cp-fa=\"true\" class=\"features-coloured-icon fa fa-handshake-o\"><\/i> <\/div>   <a  class=\"features-coloured-button\" href=\"https:\/\/chateaudesechelles.com\/index.php\/votre-association\" target=\"_self\" rel=\"noopener\">Notre association<\/a> <\/div> <\/div> <\/div><\/div><div  id=\"preinscription\" class=\"content-left-image-section content-image-left\" style=\"background-color: #f6f6f6;\" data-label=\"Preinscription\" data-id=\"content-image-left\" data-category=\"content\">\n<div  class=\"gridContainer\">\n<div  class=\"row\">\n<div  class=\"content-left-image-imgcol\" data-type=\"column\"><img  decoding=\"async\" class=\"\" src=\"http:\/\/chateaudesechelles.com\/wp-content\/uploads\/2025\/06\/Cadendrier-inscription-2025-2026-scaled.jpg\" alt=\"\"><\/div>\n<div  class=\"content-left-image-textcol dynamic-color\" data-type=\"column\">\n<h2  class=\"\"><\/h2>\n<p  class=\"large_text\"><font  style=\"vertical-align: inherit;\"><font  style=\"vertical-align: inherit;\">Ne ratez plus le coche ! Le planning des pr\u00e9inscriptions et inscriptions 2025-2026 est disponible au t\u00e9l\u00e9chargement.<\/font><\/font><\/p>\n<a  class=\"button blue\" href=\"https:\/\/chateaudesechelles.com\/wp-content\/uploads\/2025\/06\/Cadendrier-inscription-2025-2026.pdf\" target=\"_blank\" rel=\"noopener\">T\u00e9l\u00e9chargement ici<\/a>\n<div  class=\"spacer\" data-type=\"group\"><\/div>\n<a  class=\"\" href=\"http:\/\/calendar.google.com\/calendar\/u\/1?cid=MDY1NDhkMzFlMDQyY2MzMGNhZjJmNDE0NzdiYmRkNTliMjgzMDUzNDMyZmI5ZjJiYzc1MjQzN2E1NmFjOTkwZEBncm91cC5jYWxlbmRhci5nb29nbGUuY29t\" target=\"_blank\" rel=\"noopener\"><\/a>\n<div  class=\"spacer\" data-type=\"group\"><\/div>\n<a  class=\"\" href=\"https:\/\/chateaudesechelles.com\/wp-content\/uploads\/2023\/12\/Inscription-au-centre-de-loisirs_06548d31e042cc30caf2f41477bbdd59b283053432fb9f2bc752437a56ac990d@group.calendar.google.com-2.ics\" rel=\"noopener\"><\/a>\n\n<a  class=\"button blue\" href=\"https:\/\/chateaudesechelles.com\/wp-content\/uploads\/2025\/06\/Inscription-Centre-de-Loisirs-2025-2026.ics\" target=\"_blank\" rel=\"noopener\">Ajouter les rappels dans votre agenda <\/a><\/div>\n<\/div>\n<\/div>\n<\/div>","protected":false},"excerpt":{"rendered":"<p>Comment s\u2019inscrire ? Pr\u00e9parer sa journ\u00e9e Nos ambitions \u00e9ducatives Notre association Ne ratez plus le coche ! Le planning des pr\u00e9inscriptions et inscriptions 2025-2026 est disponible au t\u00e9l\u00e9chargement. T\u00e9l\u00e9chargement ici Ajouter les rappels dans votre agenda<\/p>\n","protected":false},"author":1,"featured_media":0,"parent":0,"menu_order":0,"comment_status":"closed","ping_status":"closed","template":"","meta":{"footnotes":""},"class_list":["post-5","page","type-page","status-publish","hentry"],"_links":{"self":[{"href":"https:\/\/chateaudesechelles.com\/index.php\/wp-json\/wp\/v2\/pages\/5","targetHints":{"allow":["GET"]}}],"collection":[{"href":"https:\/\/chateaudesechelles.com\/index.php\/wp-json\/wp\/v2\/pages"}],"about":[{"href":"https:\/\/chateaudesechelles.com\/index.php\/wp-json\/wp\/v2\/types\/page"}],"author":[{"embeddable":true,"href":"https:\/\/chateaudesechelles.com\/index.php\/wp-json\/wp\/v2\/users\/1"}],"replies":[{"embeddable":true,"href":"https:\/\/chateaudesechelles.com\/index.php\/wp-json\/wp\/v2\/comments?post=5"}],"version-history":[{"count":84,"href":"https:\/\/chateaudesechelles.com\/index.php\/wp-json\/wp\/v2\/pages\/5\/revisions"}],"predecessor-version":[{"id":577,"href":"https:\/\/chateaudesechelles.com\/index.php\/wp-json\/wp\/v2\/pages\/5\/revisions\/577"}],"wp:attachment":[{"href":"https:\/\/chateaudesechelles.com\/index.php\/wp-json\/wp\/v2\/media?parent=5"}],"curies":[{"name":"wp","href":"https:\/\/api.w.org\/{rel}","templated":true}]}}