{"id":27,"date":"2023-11-09T16:35:40","date_gmt":"2023-11-09T15:35:40","guid":{"rendered":"http:\/\/chateaudesechelles.com\/?page_id=27"},"modified":"2024-08-12T11:28:33","modified_gmt":"2024-08-12T09:28:33","slug":"recrutement","status":"publish","type":"page","link":"https:\/\/chateaudesechelles.com\/index.php\/recrutement\/","title":{"rendered":"Recrutement"},"content":{"rendered":"\n<p>Lyc\u00e9en ? Etudiant ? En formation ? Professionnel ? <\/p>\n\n\n\n<p>Nous recherchons tous types de profils toute l&#8217;ann\u00e9e, chacun y trouve sa place !<\/p>\n\n\n\n<h2 class=\"wp-block-heading\">Mercredis en p\u00e9riode scolaire<\/h2>\n\n\n\n<p>Il est possible de t&#8217;engager \u00e0 la journ\u00e9e ou \u00e0 la demie-journ\u00e9e.<\/p>\n\n\n\n<p>Pour se faire, envoi nous ta lettre de motivation \u00e0 l&#8217;adresse mail du ch\u00e2teau.<\/p>\n\n\n\n<p><a href=\"mailto:direction@chateau-des-echelles.com\" target=\"_blank\" rel=\"noreferrer noopener\">direction@chateaudesechelles.com<\/a><\/p>\n\n\n\n<h2 class=\"wp-block-heading\">Vacances scolaires<\/h2>\n\n\n\n<p>Il est possible de t&#8217;engager sur 1 ou 2 semaines.<\/p>\n\n\n\n<p>Pour se faire, envoi nous ta lettre de motivation \u00e0 l&#8217;adresse mail du ch\u00e2teau en fonction des dates suivantes.<\/p>\n\n\n\n<p><a href=\"mailto:direction@chateau-des-echelles.com\" target=\"_blank\" rel=\"noreferrer noopener\">direction@chateaudesechelles.com<\/a><\/p>\n\n\n\n<p>Quand postuler ?<\/p>\n\n\n\n<p><strong>Vacances d&#8217;automne 2024<\/strong> : mi-septembre \u00e0 d\u00e9but octobre<\/p>\n\n\n\n<p><strong>Vacances d&#8217;hiver 2025 <\/strong>: mi-janvier \u00e0 d\u00e9but f\u00e9vrier<\/p>\n\n\n\n<p><strong>Vacances de printemps 2025<\/strong> : mi-mars \u00e0 d\u00e9but avril<\/p>\n\n\n\n<p><strong>Vacances d&#8217;\u00e9t\u00e9 2025<\/strong> : de janvier \u00e0 mars<\/p>\n\n\n\n<p><\/p>\n","protected":false},"excerpt":{"rendered":"<p>Lyc\u00e9en ? Etudiant ? En formation ? Professionnel ? Nous recherchons tous types de profils toute l&#8217;ann\u00e9e, chacun y trouve sa place ! Mercredis en p\u00e9riode scolaire Il est possible de t&#8217;engager \u00e0 la journ\u00e9e ou \u00e0 la demie-journ\u00e9e. Pour se faire, envoi nous ta lettre de motivation \u00e0 l&#8217;adresse mail du ch\u00e2teau. direction@chateaudesechelles.com Vacances&hellip; <br \/> <a class=\"button small blue\" href=\"https:\/\/chateaudesechelles.com\/index.php\/recrutement\/\">Read more<\/a><\/p>\n","protected":false},"author":4,"featured_media":0,"parent":0,"menu_order":0,"comment_status":"closed","ping_status":"closed","template":"","meta":{"footnotes":""},"class_list":["post-27","page","type-page","status-publish","hentry"],"_links":{"self":[{"href":"https:\/\/chateaudesechelles.com\/index.php\/wp-json\/wp\/v2\/pages\/27","targetHints":{"allow":["GET"]}}],"collection":[{"href":"https:\/\/chateaudesechelles.com\/index.php\/wp-json\/wp\/v2\/pages"}],"about":[{"href":"https:\/\/chateaudesechelles.com\/index.php\/wp-json\/wp\/v2\/types\/page"}],"author":[{"embeddable":true,"href":"https:\/\/chateaudesechelles.com\/index.php\/wp-json\/wp\/v2\/users\/4"}],"replies":[{"embeddable":true,"href":"https:\/\/chateaudesechelles.com\/index.php\/wp-json\/wp\/v2\/comments?post=27"}],"version-history":[{"count":5,"href":"https:\/\/chateaudesechelles.com\/index.php\/wp-json\/wp\/v2\/pages\/27\/revisions"}],"predecessor-version":[{"id":383,"href":"https:\/\/chateaudesechelles.com\/index.php\/wp-json\/wp\/v2\/pages\/27\/revisions\/383"}],"wp:attachment":[{"href":"https:\/\/chateaudesechelles.com\/index.php\/wp-json\/wp\/v2\/media?parent=27"}],"curies":[{"name":"wp","href":"https:\/\/api.w.org\/{rel}","templated":true}]}}